{"id":8019,"date":"2022-03-09T08:06:21","date_gmt":"2022-03-09T08:06:21","guid":{"rendered":"http:\/\/candle.lv\/?page_id=8019"},"modified":"2024-10-24T07:56:02","modified_gmt":"2024-10-24T07:56:02","slug":"where-can-i-buy","status":"publish","type":"page","link":"https:\/\/candle.lv\/ru\/where-can-i-buy\/","title":{"rendered":"\u0413\u0434\u0435 \u043a\u0443\u043f\u0438\u0442\u044c?"},"content":{"rendered":"<p><a href=\"http:\/\/www.lavandas.lv\/index.php?route=product\/search&amp;filter_name=svece+gartda&amp;manufacturer=&amp;page=3\">http:\/\/www.lavandas.lv\/index.php?route=product\/search&amp;filter_name=svece+gartda&amp;manufacturer=&amp;page=3<\/a><\/p>\n<p><a href=\"https:\/\/balticgifts.com\/category\/interior-design\/candles\/page\/2?filter_material=soy-wax&amp;filter_design=flowers\">https:\/\/balticgifts.com\/category\/interior-design\/candles\/page\/2?filter_material=soy-wax&amp;filter_design=flowers<\/a><\/p>\n<p><img loading=\"lazy\" decoding=\"async\" class=\"wp-image-8905 alignleft\" src=\"https:\/\/candle.lv\/wp-content\/uploads\/2024\/10\/123.png\" alt=\"pienene\" width=\"108\" height=\"68\" \/><\/p>\n<p><a href=\"http:\/\/www.studijapienene.lv\">http:\/\/www.studijapienene.lv<\/a><\/p>\n<p style=\"text-align: left;\">pienene, R\u012bga, Kungu iela 7\/9<\/p>\n<p>&nbsp;<\/p>\n<p>R\u012bga, R\u0101tslaukums 7 (Melngalvju nams)<\/p>\n<p>R\u012bga, Maz\u0101 Jaunavu iela 8<\/p>\n<p>R\u012bga, Ka\u013c\u0137u iela 7 (SUVEN\u012aRI)<\/p>\n<p>R\u012bga, Ka\u013c\u0137u iela 7 (LATVISKIE DARIN\u0100JUMI)<\/p>\n<p>Daugavpils, veikals NATURE, Alejas iela 73, t.+371 65420843<\/p>\n<p>&nbsp;<\/p>","protected":false},"excerpt":{"rendered":"<p>http:\/\/www.lavandas.lv\/index.php?route=product\/search&amp;filter_name=svece+gartda&amp;manufacturer=&amp;page=3 https:\/\/balticgifts.com\/category\/interior-design\/candles\/page\/2?filter_material=soy-wax&amp;filter_design=flowers http:\/\/www.studijapienene.lv pienene, R\u012bga, Kungu iela 7\/9 &nbsp; R\u012bga, R\u0101tslaukums 7 (Melngalvju nams) R\u012bga, Maz\u0101 Jaunavu iela 8 R\u012bga, Ka\u013c\u0137u iela 7 (SUVEN\u012aRI) R\u012bga, Ka\u013c\u0137u iela 7 (LATVISKIE DARIN\u0100JUMI) Daugavpils, veikals NATURE, Alejas iela 73, t.+371 65420843 &nbsp;<\/p>\n","protected":false},"author":1,"featured_media":0,"parent":0,"menu_order":0,"comment_status":"closed","ping_status":"closed","template":"","meta":{"_acf_changed":false,"footnotes":""},"class_list":["post-8019","page","type-page","status-publish","hentry"],"acf":[],"_links":{"self":[{"href":"https:\/\/candle.lv\/ru\/wp-json\/wp\/v2\/pages\/8019","targetHints":{"allow":["GET"]}}],"collection":[{"href":"https:\/\/candle.lv\/ru\/wp-json\/wp\/v2\/pages"}],"about":[{"href":"https:\/\/candle.lv\/ru\/wp-json\/wp\/v2\/types\/page"}],"author":[{"embeddable":true,"href":"https:\/\/candle.lv\/ru\/wp-json\/wp\/v2\/users\/1"}],"replies":[{"embeddable":true,"href":"https:\/\/candle.lv\/ru\/wp-json\/wp\/v2\/comments?post=8019"}],"version-history":[{"count":7,"href":"https:\/\/candle.lv\/ru\/wp-json\/wp\/v2\/pages\/8019\/revisions"}],"predecessor-version":[{"id":8906,"href":"https:\/\/candle.lv\/ru\/wp-json\/wp\/v2\/pages\/8019\/revisions\/8906"}],"wp:attachment":[{"href":"https:\/\/candle.lv\/ru\/wp-json\/wp\/v2\/media?parent=8019"}],"curies":[{"name":"wp","href":"https:\/\/api.w.org\/{rel}","templated":true}]}}