{"id":2511,"date":"2021-05-24T06:14:44","date_gmt":"2021-05-24T06:14:44","guid":{"rendered":"http:\/\/candle.lv\/\/?page_id=2511"},"modified":"2023-06-13T13:53:29","modified_gmt":"2023-06-13T13:53:29","slug":"precu-atgriesanas-noteikumi","status":"publish","type":"page","link":"https:\/\/candle.lv\/en\/precu-atgriesanas-noteikumi\/","title":{"rendered":"Return policy"},"content":{"rendered":"<p>&nbsp;<\/p>\n<p>Saska\u0146\u0101 ar 2014. gada 20. maija Ministru Kabineta noteikumiem Nr.255 \u201cNoteikumi par distances l\u012bgumu\u201d Pirc\u0113jam ir ties\u012bbas 14 (\u010detrpadsmit) dienu laik\u0101 atteikties no Pirkuma, neminot iemeslu.<\/p>\n<p>Lai izmantotu ties\u012bbas anul\u0113t Pas\u016bt\u012bjumu Pirc\u0113jam ar nep\u0101rprotamu pazi\u0146ojumu j\u0101inform\u0113 P\u0101rdev\u0113js par Pirc\u0113ja l\u0113mumu atteikties no Pirkuma, nos\u016btot v\u0113stuli uz SIA Gartda, Alejas iela 73, Daugavpils, LV-5401, Latvija vai iesniedzot rakstisku pazi\u0146ojumu uz e-pastu: <a href=\"mailto:info@gartda.lv\">info@gartda.lv<\/a><\/p>\n<p>Atteikuma v\u0113stul\u0113 l\u016bgums nor\u0101d\u012bt preciz\u0113jo\u0161u inform\u0101ciju: pas\u016bt\u012bjuma numuru\/pavadz\u012bmes numuru, pavadz\u012bmes izrakst\u012b\u0161anas datumu un preces kodu, nosaukumu un daudzumu, ko v\u0113laties atgriezt.<\/p>\n<p>Pirc\u0113ja atteikuma ties\u012bbu termi\u0146\u0161 ir iev\u0113rots, ja l\u0113mumu par atteikumu Pirc\u0113js pazi\u0146o pirms atteikuma ties\u012bbu termi\u0146a beig\u0101m.<\/p>\n<p>Ikvienam Pirc\u0113jam ir ties\u012bbas 14 (\u010detrpadsmit) dienu laik\u0101 no pas\u016bt\u012bjuma pieg\u0101des br\u012b\u017ea, vienojoties ar P\u0101rdev\u0113ja p\u0101rst\u0101vi, samain\u012bt preces pret cit\u0101m prec\u0113m, ja t\u0101das Internetveikal\u0101 ir pieejamas un ja:<\/p>\n<ul>\n<li>prece nav lietota, pre\u010du iepakojums ir saglab\u0101ts un nav boj\u0101ts;<\/li>\n<li>Pirc\u0113jam ir pre\u010du pavaddokumenti un preces ir piln\u0101 komplekt\u0101cij\u0101.<\/li>\n<\/ul>\n<p>Pirc\u0113ja atteikuma ties\u012bbu izmanto\u0161anas gad\u012bjum\u0101, P\u0101rdev\u0113js atmaks\u0101 ar Pirc\u0113ja pas\u016bt\u012bjumu sa\u0146emtos maks\u0101jumus, taj\u0101 skait\u0101 samaks\u0101tos pieg\u0101des izdevumus (iz\u0146emot gad\u012bjumus, ja Pirc\u0113js skaidri izteicis v\u0113l\u0113\u0161anos izmantot pieg\u0101des veidu, kas nebija P\u0101rdev\u0113ja pied\u0101v\u0101tais standarta pieg\u0101des veids), bez nepamatotas kav\u0113\u0161an\u0101s un jebkur\u0101 gad\u012bjum\u0101 ne v\u0113l\u0101k k\u0101 14 (\u010detrpadsmit) dienu laik\u0101 no dienas, kad P\u0101rdev\u0113js tika inform\u0113ts par Pirc\u0113ja l\u0113mumu atteikties no \u0161\u0101 l\u012bguma. P\u0101rdev\u0113js atmaks\u0101s sa\u0146emtos maks\u0101jumus, izmantojot t\u0101du pa\u0161u maks\u0101\u0161anas l\u012bdzekli, k\u0101du Pirc\u0113js izmantoja s\u0101kotn\u0113jam dar\u012bjumam, iz\u0146emot gad\u012bjumus, kad Pirc\u0113js skaidri piekr\u012bt citam maks\u0101\u0161anas l\u012bdzeklim, jebkur\u0101 gad\u012bjum\u0101 no Pirc\u0113ja saist\u012bb\u0101 ar \u0161\u0101du atmaks\u0101\u0161anu netiks iekas\u0113ta nek\u0101da maksa.<\/p>\n<p>P\u0101rdev\u0113js var aiztur\u0113t atmaksu l\u012bdz br\u012bdim, kad tas b\u016bs sa\u0146\u0113mis preces atpaka\u013c, vai kad Pirc\u0113js b\u016bs iesniedzis apliecin\u0101jumu par to, ka preces ir nos\u016bt\u012btas atpaka\u013c, atkar\u012bb\u0101 no t\u0101, kura darb\u012bba tiek izpild\u012bta agr\u0101k.<\/p>\n<p>Pirc\u0113jam preces j\u0101nos\u016bta atpaka\u013c vai j\u0101nodod SIA Gartda, Alejas iela 73, Daugavpils, LV-5401, Latvija\u00a0 bez nepamatotas kav\u0113\u0161an\u0101s un jebkur\u0101 gad\u012bjum\u0101 ne v\u0113l\u0101k k\u0101 14 (\u010detrpadsmit) dienu laik\u0101 no dienas, kad Pirc\u0113js mums pazi\u0146oja savu l\u0113mumu atteikties no \u0161\u0101 l\u012bguma. Termi\u0146\u0161 b\u016bs iev\u0113rots, ja Pirc\u0113js preces nos\u016bt\u012bs atpaka\u013c pirms 14 (\u010detrpadsmit) dienu termi\u0146a beig\u0101m.<\/p>\n<h3><u>Pirc\u0113jam j\u0101sedz ar pre\u010du atpaka\u013c atdo\u0161anu saist\u012bt\u0101s tie\u0161\u0101s izmaksas.<\/u><\/h3>\n<p>Pirc\u0113js ir atbild\u012bgs par preces v\u0113rt\u012bbas samazin\u0101\u0161anos, ja prece izmantota cit\u0101 nol\u016bk\u0101, nevis preces rakstura, \u012bpa\u0161\u012bbu un darb\u012bbas noskaidro\u0161anai. Prece p\u0101rbaudes nol\u016bkos lietojama tikt\u0101l, cikt\u0101l to b\u016btu iesp\u0113jams izdar\u012bt veikal\u0101. Pirc\u0113js ir atbild\u012bgs par to, lai Precei nesamazin\u0101tos t\u0101s v\u0113rt\u012bba, kvalit\u0101te un dro\u0161ums, cit\u0101di P\u0101rdev\u0113jam ir ties\u012bbas atteikt Pirc\u0113jam atteikuma ties\u012bbu izmanto\u0161anu attiec\u012bb\u0101 uz pieg\u0101d\u0101to Preci.<\/p>\n<p>P\u0101rdev\u0113jam ir ties\u012bbas nepie\u0146emt Preci un atteikt Pirc\u0113jam izmantot atteikuma ties\u012bbas, k\u0101 ar\u012b neatmaks\u0101t Pirc\u0113jam par preci samaks\u0101to naudu, gad\u012bjumos, ja P\u0101rdev\u0113js ir konstat\u0113jis boj\u0101jumus Precei vai Prece ir zaud\u0113jusi \u201cpreces izskatu\u201d (no\u0146emtas un \/ vai saboj\u0101tas eti\u0137etes, nopl\u0113stas aizsardz\u012bbas pl\u0113ves u. c.) un \/ vai ir konstat\u0113tas Preces lieto\u0161anas paz\u012bmes.<\/p>\n<h3><strong><u>Atgrie\u017eot preci, Pirc\u0113jam oblig\u0101ti j\u0101iev\u0113ro \u0161\u0101di noteikumi:<\/u><\/strong><\/h3>\n<ul>\n<li>Prece j\u0101atgrie\u017e t\u0101s ori\u0123in\u0101liepakojum\u0101 (iesak\u0101m sa\u0146emot preci, uzman\u012bgi atv\u0113rt iepakojumu, kur\u0101 t\u0101 atrodas).<\/li>\n<li>Prece j\u0101atgrie\u017e piln\u0101 komplekt\u0101cij\u0101.<\/li>\n<li>Atgrie\u017eot preci, P\u0101rdev\u0113jam oblig\u0101ti j\u0101iesniedz pre\u010du pavaddokumenti (ieg\u0101des dokumenti).<\/li>\n<li>P\u0101rdev\u0113jam ir ties\u012bbas atteikties pie\u0146emt Pirc\u0113ja atgriezt\u0101s preces, ja nav iev\u0113roti pre\u010du atgrie\u0161anas noteikumi.<\/li>\n<li>Pre\u010du atgrie\u0161ana ir veicama P\u0101rdev\u0113ja noteiktaj\u0101 k\u0101rt\u012bb\u0101.<\/li>\n<li>Pirc\u0113jam ir j\u0101apmaks\u0101 pre\u010du atgrie\u0161anas tie\u0161\u0101s izmaksas.<\/li>\n<li>Par atgrieztu preci nauda atmaks\u0101jama veicot p\u0101rskait\u012bjumu uz Pirc\u0113ja bankas kontu.<\/li>\n<li>Pre\u010du kategorijas, kuru atpaka\u013c atgrie\u0161ana P\u0101rdev\u0113jam vai to apmai\u0146a nav iesp\u0113jama:<\/li>\n<\/ul>\n<h3><strong><u>Preces ar defektu nomai\u0146as vai atgrie\u0161anas k\u0101rt\u012bba:<\/u><\/strong><\/h3>\n<ul>\n<li>Ja prece ir boj\u0101ta vai pas\u016bt\u012bjum\u0101 pie\u013cauta k\u013c\u016bda (nepareizs izm\u0113rs, kr\u0101sa), Pirc\u0113js var atgriezt preci, vai apmain\u012bt pret t\u0101du, k\u0101 bija nor\u0101d\u012bts pas\u016bt\u012bjum\u0101;<\/li>\n<li>Preci ar defektu P\u0101rdev\u0113js ap\u0146emas apmain\u012bt pret kvalitat\u012bvu (bez defekta) vai veikt nepiecie\u0161amo remontu;<\/li>\n<li>Ja tiek konstat\u0113ts preces defekts, par to j\u0101inform\u0113 SIA GARTDA , nos\u016btot pieteikumu uz sekojo\u0161u adresi:\u00a0 info@gartda.lv Pieteikum\u0101 j\u0101nor\u0101da Pirc\u0113ja kontaktinform\u0101cija sazi\u0146as nodro\u0161in\u0101\u0161an\u0101, preces nosaukums, kods, pas\u016bt\u012bjuma numurs un neliels defekta apraksts.<\/li>\n<li>Atbilde uz Pirc\u0113ja preces defekta pieteikuma v\u0113stuli tiks sniegta 3 darba dienu laik\u0101;<\/li>\n<li>Pre\u010du defekta konstat\u0113\u0161ana un boj\u0101jumu atl\u012bdzin\u0101\u0161ana tiek veikta sp\u0113k\u0101 eso\u0161ajos normat\u012bvajos aktos noteiktajos termi\u0146os un k\u0101rt\u012bb\u0101.<\/li>\n<\/ul>\n<h3><strong><u>Pre\u010du defekti<\/u><\/strong><\/h3>\n<p>Pirc\u0113jam ir pien\u0101kums sniegt pras\u012bbu par defektu nov\u0113r\u0161anu sekojo\u0161ajos gad\u012bjumos, ja:<\/p>\n<ul>\n<li>preces defekts nav nov\u0113r\u0161ams un trauc\u0113 pilnv\u0113rt\u012bgai preces izmanto\u0161anai, Pirc\u0113jam ir ties\u012bbas :<\/li>\n<\/ul>\n<ul>\n<li>piepras\u012bt attiec\u012bg\u0101s preces apmai\u0146u pret jaunu \u0161\u0101da veida preci, vai<\/li>\n<li>izbeigt Pirkuma l\u012bgumu un piepras\u012bt samaks\u0101to naudas l\u012bdzek\u013cu atgrie\u0161anu.<\/li>\n<li>preces defekts ir nov\u0113r\u0161ams, ta\u010du tas p\u0113c k\u0101da laika ir j\u0101nov\u0113r\u0161 atk\u0101rtoti, k\u0101 rezult\u0101t\u0101 Pirc\u0113js nevar pilnv\u0113rt\u012bgi izmantot preci, Pirc\u0113jam ir ties\u012bbas:<\/li>\n<li>piepras\u012bt attiec\u012bg\u0101s preces apmai\u0146u pret jaunu \u0161\u0101da veida preci, vai<\/li>\n<li>izbeigt Pirkuma l\u012bgumu un piepras\u012bt samaks\u0101to naudas l\u012bdzek\u013cu atgrie\u0161anu.<\/li>\n<\/ul>\n<ul>\n<li>Pirc\u0113jam par preces defektu j\u0101inform\u0113 P\u0101rdev\u0113js nekav\u0113joties tikl\u012bdz defekts tiek konstat\u0113ts, bet ne v\u0113l\u0101k k\u0101 l\u012bdz garantijas termi\u0146a beig\u0101m.<\/li>\n<li>P\u0101rdev\u0113js pie\u0146em l\u0113mumu par Pirc\u0113ja pras\u012bbu apmierin\u0101\u0161anu vai noraid\u012b\u0161anu 30 (tr\u012bsdesmit) dienu laik\u0101 no br\u012b\u017ea, kad Pirc\u0113js ir inform\u0113jis P\u0101rdev\u0113ju par preces defektu un ir sa\u0146\u0113mis preci ar defektu no P\u0101rdev\u0113ja.<\/li>\n<li>Par pras\u012bbas l\u0113mumu, Pirc\u0113js tiks inform\u0113ts telefoniski 30 (tr\u012bsdesmit) dienu laik\u0101 no br\u012b\u017ea, kad Pirc\u0113js ir inform\u0113jis P\u0101rdev\u0113ju par preces defektu un ir sa\u0146\u0113mis preces ar defektu no Pirc\u0113ja.<\/li>\n<li>P\u0101rdev\u0113js nav atbild\u012bgs par preces boj\u0101jumiem vai defektiem pret jebkuru tre\u0161o pusi, kas ieg\u0101d\u0101jusies preces no P\u0101rdev\u0113ja Pirc\u0113ja.<\/li>\n<li>Visas ties\u012bbas un pien\u0101kumi starp P\u0101rdev\u0113ju un Pirc\u0113ju saist\u012bb\u0101 ar garantiju, ir defin\u0113ti Latvijas Republikas normat\u012bvajos aktos.<\/li>\n<\/ul>\n<h3><strong><u>Pirc\u0113js zaud\u0113 ties\u012bbas pretend\u0113t uz garantijas pakalpojumiem gad\u012bjumos, ja:<\/u><\/strong><\/h3>\n<ul>\n<li>Pirc\u0113js nevar iesniegt pier\u0101d\u012bjumus par preces apmaksu un t\u0101s pieg\u0101di;<\/li>\n<li>Pirc\u0113js nevar uzr\u0101d\u012bt ac\u012bmredzamus preces defektus, pre\u010du pieg\u0101des br\u012bd\u012b;<\/li>\n<li>Pre\u010du garantijas termi\u0146\u0161 ir beidzies;<\/li>\n<li>Meh\u0101niskie preces boj\u0101jumi ir radu\u0161ies Pirc\u0113ja darb\u012bbu rezult\u0101t\u0101;<\/li>\n<li>Prece tika izmantota tam nepiem\u0113rotos apst\u0101k\u013cos, mitr\u0101, \u0137\u012bmisk\u0101 vai meh\u0101nisk\u0101 vid\u0113;<\/li>\n<li>Prece netika izmantota tam paredz\u0113taj\u0101 nol\u016bk\u0101;<\/li>\n<li>Prece ir boj\u0101ta, jo lietota neparasti augstas slodzes apst\u0101k\u013cos vai t\u0101 izmantota neatbilsto\u0161i dokument\u0101cijai, instrukcij\u0101m, tehniskajiem standartiem un dro\u0161\u012bbas noteikumiem.<\/li>\n<li>Prece ir boj\u0101ta d\u0113\u013c nenov\u0113r\u0161amiem un\/vai neparedzamiem apst\u0101k\u013ciem, \u016bdens, uguns boj\u0101jumu\/post\u012bjumu d\u0113\u013c vai sakar\u0101 ar citiem nep\u0101rvaramiem force majeure faktoriem.<\/li>\n<\/ul>\n<h3><strong><u>Nosl\u0113dzo\u0161ie noteikumi<\/u><\/strong><\/h3>\n<p>P\u0101rdev\u0113js saglab\u0101 ties\u012bbas apst\u0101din\u0101t, papildin\u0101t \u0161os Noteikumus un citus ar \u0161iem Noteikumiem saist\u012btus dokumentus. Noteikumu papildin\u0101jumi vai kori\u0123\u0113jumi st\u0101jas sp\u0113k\u0101 no t\u0101s dienas, kad tie tiek ievietoti interneta vietn\u0113.<\/p>\n<p>Ja Pirc\u0113js nepiekr\u012bt M\u016bsu Noteikumu korekcijai, da\u013c\u0113jiem papildin\u0101jumiem, Pirc\u0113jam ir ties\u012bbas no tiem atteikties, ar noteikumu, ka Pirc\u0113js pazaud\u0113 ties\u012bbas izmantot Internetveikala pakalpojumus.<\/p>\n<p>Ja Pirc\u0113js, p\u0113c noteikumu redakcijas, turpina izmantot Internetveikala pakalpojumus, tiek uzskat\u012bts, ka Piekr\u012bt piekr\u012bt Noteikumu redakcijai, da\u013c\u0113j\u0101m p\u0101rmai\u0146\u0101m vai papildin\u0101jumiem.<\/p>\n<p>\u0160ie noteikumi sast\u0101d\u012bti iev\u0113rojot Latvijas Republikas normat\u012bvos aktus.<\/p>\n<p>Puses tiek atbr\u012bvotas no atbild\u012bbas, kas noteikta \u0161ajos Noteikumos, ja to izpilde nav iesp\u0113jama d\u0113\u013c apst\u0101k\u013ciem, kurus rad\u012bju\u0161i nep\u0101rvarami sp\u0113ki.<\/p>\n<p>Pat\u0113r\u0113t\u0101ju ties\u012bbu aizsardz\u012bbas likum\u0101 teikts: ja p\u0101rdev\u0113js vai pakalpojuma sniedz\u0113js 30 dienu laik\u0101 no dienas, kad pirc\u0113js pieteicis pras\u012bbu, vai attiec\u012bgi pilnvarotu uzraudz\u012bbas un kontroles iest\u0101\u017eu noteiktaj\u0101 termi\u0146\u0101 nav nov\u0113rsis preces vai pakalpojuma tr\u016bkumu, vi\u0146a pien\u0101kums ir atl\u012bdzin\u0101t visus zaud\u0113jumus, kas pat\u0113r\u0113t\u0101jam radu\u0161ies sakar\u0101 ar kav\u0113jumu.<\/p>\n<p>&nbsp;<\/p>","protected":false},"excerpt":{"rendered":"<p>&nbsp; Saska\u0146\u0101 ar 2014. gada 20. maija Ministru Kabineta noteikumiem Nr.255 \u201cNoteikumi par distances l\u012bgumu\u201d Pirc\u0113jam ir ties\u012bbas 14 (\u010detrpadsmit) dienu laik\u0101 atteikties no Pirkuma, neminot iemeslu. Lai izmantotu ties\u012bbas anul\u0113t Pas\u016bt\u012bjumu Pirc\u0113jam ar nep\u0101rprotamu pazi\u0146ojumu j\u0101inform\u0113 P\u0101rdev\u0113js par Pirc\u0113ja l\u0113mumu atteikties no Pirkuma, nos\u016btot v\u0113stuli uz SIA Gartda, Alejas iela 73, Daugavpils, LV-5401, Latvija [&hellip;]<\/p>\n","protected":false},"author":1,"featured_media":0,"parent":0,"menu_order":0,"comment_status":"closed","ping_status":"closed","template":"","meta":{"_acf_changed":false,"footnotes":""},"class_list":["post-2511","page","type-page","status-publish","hentry"],"acf":[],"_links":{"self":[{"href":"https:\/\/candle.lv\/en\/wp-json\/wp\/v2\/pages\/2511","targetHints":{"allow":["GET"]}}],"collection":[{"href":"https:\/\/candle.lv\/en\/wp-json\/wp\/v2\/pages"}],"about":[{"href":"https:\/\/candle.lv\/en\/wp-json\/wp\/v2\/types\/page"}],"author":[{"embeddable":true,"href":"https:\/\/candle.lv\/en\/wp-json\/wp\/v2\/users\/1"}],"replies":[{"embeddable":true,"href":"https:\/\/candle.lv\/en\/wp-json\/wp\/v2\/comments?post=2511"}],"version-history":[{"count":8,"href":"https:\/\/candle.lv\/en\/wp-json\/wp\/v2\/pages\/2511\/revisions"}],"predecessor-version":[{"id":8701,"href":"https:\/\/candle.lv\/en\/wp-json\/wp\/v2\/pages\/2511\/revisions\/8701"}],"wp:attachment":[{"href":"https:\/\/candle.lv\/en\/wp-json\/wp\/v2\/media?parent=2511"}],"curies":[{"name":"wp","href":"https:\/\/api.w.org\/{rel}","templated":true}]}}