{"id":7940,"date":"2022-10-12T06:15:48","date_gmt":"2022-10-12T06:15:48","guid":{"rendered":"http:\/\/candle.lv\/shop\/soy-wax-candle-with-a-cotton-wick-350-ml-12oz-colour-line-white-lavender\/"},"modified":"2024-12-09T13:35:33","modified_gmt":"2024-12-09T13:35:33","slug":"soy-wax-candle-with-a-cotton-wick-350-ml-12oz-colour-line-white-lavender","status":"publish","type":"product","link":"https:\/\/candle.lv\/de\/shop\/soy-wax-candle-with-a-cotton-wick-350-ml-12oz-colour-line-white-lavender\/","title":{"rendered":"Sojawachskerzen 350 ml\/12oz Farbproduktlinie  &#8211; Wei\u00df Duftkerze Lavendel"},"content":{"rendered":"<p><span lang=\"EN-US\">Sojawachskerze ist eine handgemachte Kerze, hergestellt aus 100% nat\u00fcrlichem Sojawachs, mit einem Docht aus unbehandelter, reiner Baumwolle und wildwachsenden Bl\u00fcten und Kr\u00e4uter aus einem sch\u00f6nsten und einzigartigen Region Lettlands, aus dem Land des blauen Seen &#8211; Lettgallen.<br \/>\n<\/span><\/p>\n<ul>\n<li><span lang=\"EN-US\">Duftkerze Lavendel<\/span><\/li>\n<li><span lang=\"EN-US\">Durchmesser: 80 mm<\/span><\/li>\n<li><span lang=\"EN-US\">H\u00f6he: 70 mm<\/span><\/li>\n<\/ul>\n<p><span lang=\"EN-US\">Sojawachskerzen werden in einen Designerkarton verpackt. (85x85x85mm)<br \/>\n<\/span><\/p>\n<p><span lang=\"LV\">Bitte beachten: Beim ersten Abbrennen bitte solange brennen lassen, bis die gesamte Oberfl\u00e4che fl\u00fcssig ist. Dadurch wird vermieden, dass sich Tunnel bilden. Brennende Kerzen bitte nie unbeaufsichtigt lassen und au\u00dfer Reichweite von Kindern oder Haustiere. Die Kerze nicht auf oder in der N\u00e4he von leicht entflammbaren Gegenst\u00e4nden brennen lassen.<\/span><\/p>\n<ul>\n<li>&#8212;&#8212;&#8212;&#8212;&#8212;&#8212;&#8212;&#8212;&#8212;&#8212;&#8212;&#8212;&#8212;&#8212;&#8212;&#8211;<\/li>\n<li>EUH208 Enth\u00e4lt \/ Linalyl Acetate, Linalool. Kann allergische Reaktionen hervorrufen.<\/li>\n<li>EUH210 Sicherheitsdatenblatt auf Anfrage erh\u00e4ltlich.<\/li>\n<li><img loading=\"lazy\" decoding=\"async\" width=\"300\" height=\"83\" class=\"alignnone size-medium wp-image-8930\" src=\"https:\/\/candle.lv\/wp-content\/uploads\/2024\/12\/Pictograms-300x83.jpg\" alt=\"Pictograms\" \/>\u00a0 \u00a0 \u00a0 Net ~ 330 gr<\/li>\n<li>Personen, die empfindlich auf Parf\u00fcm reagieren, sollten bei der Verwendung dieses Produkts vorsichtig sein.<br \/>\nLufterfrischer sind kein Ersatz f\u00fcr gute Hygienepraktiken.<\/li>\n<li>SIA GARTDA, Alejas street 73, Daugavpils, LV-5401, Latvia, t. +371 65420849, www.candle.lv<\/li>\n<\/ul>\n<p><\/p>","protected":false},"excerpt":{"rendered":"<p>100 % eco soy wax, cotton wick, wild flowers, essential oils, parfum. Handmade.<\/p>\n","protected":false},"featured_media":8332,"template":"","meta":{"_acf_changed":false},"product_brand":[],"product_cat":[113],"product_tag":[57],"class_list":{"0":"post-7940","1":"product","2":"type-product","3":"status-publish","4":"has-post-thumbnail","6":"product_cat-soy-wax-candles","7":"product_tag-new","9":"first","10":"instock","11":"taxable","12":"shipping-taxable","13":"purchasable","14":"product-type-simple"},"acf":[],"_links":{"self":[{"href":"https:\/\/candle.lv\/de\/wp-json\/wp\/v2\/product\/7940","targetHints":{"allow":["GET"]}}],"collection":[{"href":"https:\/\/candle.lv\/de\/wp-json\/wp\/v2\/product"}],"about":[{"href":"https:\/\/candle.lv\/de\/wp-json\/wp\/v2\/types\/product"}],"wp:featuredmedia":[{"embeddable":true,"href":"https:\/\/candle.lv\/de\/wp-json\/wp\/v2\/media\/8332"}],"wp:attachment":[{"href":"https:\/\/candle.lv\/de\/wp-json\/wp\/v2\/media?parent=7940"}],"wp:term":[{"taxonomy":"product_brand","embeddable":true,"href":"https:\/\/candle.lv\/de\/wp-json\/wp\/v2\/product_brand?post=7940"},{"taxonomy":"product_cat","embeddable":true,"href":"https:\/\/candle.lv\/de\/wp-json\/wp\/v2\/product_cat?post=7940"},{"taxonomy":"product_tag","embeddable":true,"href":"https:\/\/candle.lv\/de\/wp-json\/wp\/v2\/product_tag?post=7940"}],"curies":[{"name":"wp","href":"https:\/\/api.w.org\/{rel}","templated":true}]}}