{"id":7915,"date":"2022-10-13T08:00:19","date_gmt":"2022-10-13T08:00:19","guid":{"rendered":"http:\/\/candle.lv\/shop\/soy-wax-candle-with-a-cotton-wick-200-ml-7oz-without-aroma\/"},"modified":"2024-12-09T12:46:52","modified_gmt":"2024-12-09T12:46:52","slug":"soy-wax-candle-with-a-cotton-wick-200-ml-7oz-without-aroma","status":"publish","type":"product","link":"https:\/\/candle.lv\/de\/shop\/soy-wax-candle-with-a-cotton-wick-200-ml-7oz-without-aroma\/","title":{"rendered":"Sojawachskerzen 200 ml\/7oz &#8211; Ohne Duft"},"content":{"rendered":"<p>Sojawachskerze ist eine handgemachte Kerze, hergestellt aus 100% nat\u00fcrlichem Sojawachs, mit einem Docht aus unbehandelter, reiner Baumwolle und wildwachsenden Bl\u00fcten und Kr\u00e4uter aus einem sch\u00f6nsten und einzigartigen Region Lettlands, aus dem Land des blauen Seen &#8211; Lettgallen.<\/p>\n<ul>\n<li>Durchmesser: 80 mm<\/li>\n<li>H\u00f6he: 40 mm<\/li>\n<\/ul>\n<p>Sojawachskerzen werden in einen Designerkarton verpackt. (85x85x60mm)<\/p>\n<p>Bitte beachten: Beim ersten Abbrennen bitte solange brennen lassen, bis die gesamte Oberfl\u00e4che fl\u00fcssig ist. Dadurch wird vermieden, dass sich Tunnel bilden. Brennende Kerzen bitte nie unbeaufsichtigt lassen und au\u00dfer Reichweite von Kindern oder Haustiere. Die Kerze nicht auf oder in der N\u00e4he von leicht entflammbaren Gegenst\u00e4nden brennen lassen.<\/p>\n<ul>\n<li>&#8212;&#8212;&#8212;&#8212;&#8212;&#8212;&#8212;&#8212;&#8212;&#8212;&#8212;&#8212;&#8212;&#8212;&#8212;&#8211;<\/li>\n<li>Keine bekannten besonderen Wirkungen oder Gefahren.<\/li>\n<li>EUH210 Sicherheitsdatenblatt auf Anfrage erh\u00e4ltlich.<\/li>\n<li><img loading=\"lazy\" decoding=\"async\" width=\"300\" height=\"83\" class=\"alignnone size-medium wp-image-8930\" src=\"https:\/\/candle.lv\/wp-content\/uploads\/2024\/12\/Pictograms-300x83.jpg\" alt=\"Pictograms\" \/>\u00a0 \u00a0 \u00a0 Net ~ 180 gr<\/li>\n<li>SIA GARTDA, Alejas street 73, Daugavpils, LV-5401, Latvia, t. +371 65420849, www.candle.lv<\/li>\n<\/ul>\n<p><\/p>","protected":false},"excerpt":{"rendered":"<p>100 % eco soy wax, cotton wick, wild flowers, essential oils, parfum. Handmade.<\/p>\n","protected":false},"featured_media":8349,"template":"","meta":{"_acf_changed":false},"product_brand":[],"product_cat":[113],"product_tag":[],"class_list":{"0":"post-7915","1":"product","2":"type-product","3":"status-publish","4":"has-post-thumbnail","6":"product_cat-soy-wax-candles","8":"first","9":"instock","10":"taxable","11":"shipping-taxable","12":"purchasable","13":"product-type-simple"},"acf":[],"_links":{"self":[{"href":"https:\/\/candle.lv\/de\/wp-json\/wp\/v2\/product\/7915","targetHints":{"allow":["GET"]}}],"collection":[{"href":"https:\/\/candle.lv\/de\/wp-json\/wp\/v2\/product"}],"about":[{"href":"https:\/\/candle.lv\/de\/wp-json\/wp\/v2\/types\/product"}],"wp:featuredmedia":[{"embeddable":true,"href":"https:\/\/candle.lv\/de\/wp-json\/wp\/v2\/media\/8349"}],"wp:attachment":[{"href":"https:\/\/candle.lv\/de\/wp-json\/wp\/v2\/media?parent=7915"}],"wp:term":[{"taxonomy":"product_brand","embeddable":true,"href":"https:\/\/candle.lv\/de\/wp-json\/wp\/v2\/product_brand?post=7915"},{"taxonomy":"product_cat","embeddable":true,"href":"https:\/\/candle.lv\/de\/wp-json\/wp\/v2\/product_cat?post=7915"},{"taxonomy":"product_tag","embeddable":true,"href":"https:\/\/candle.lv\/de\/wp-json\/wp\/v2\/product_tag?post=7915"}],"curies":[{"name":"wp","href":"https:\/\/api.w.org\/{rel}","templated":true}]}}