{"id":7819,"date":"2022-02-28T14:35:21","date_gmt":"2022-02-28T14:35:21","guid":{"rendered":"http:\/\/candle.lv\/shop\/natural-soy-wax-scented-rounds-130g-4-6-oz-ylang-ylang-lemon\/"},"modified":"2025-01-23T13:47:02","modified_gmt":"2025-01-23T13:47:02","slug":"natural-soy-wax-scented-rounds-130g-4-6-oz-ylang-ylang-lemon","status":"publish","type":"product","link":"https:\/\/candle.lv\/de\/shop\/natural-soy-wax-scented-rounds-130g-4-6-oz-ylang-ylang-lemon\/","title":{"rendered":"Aromatisierte Sojawachsscheiben 130 g \/ 4 &#8211; Duft Zitrone und Ylang Ylang"},"content":{"rendered":"<p><\/p>\n<p style=\"margin-bottom: 12.0pt;\"><span style=\"font-size: 8.5pt; font-family: 'Verdana','sans-serif'; color: black;\">Aromatisierte Scheiben aus Sojawachs 130 g \/ 4,6 oz<\/span><\/p>\n<p>Diese aromatisierten Scheiben aus Sojawachs sind handgemachte Duftscheiben aus nat\u00fcrlichen Sojawachs und wildwachsenden Bl\u00fcten und Kr\u00e4uter, die in der sch\u00f6nsten und einzigartigen Region Lettlands gefl\u00fcckt sind, dem Land der blauen Seen &#8211; Lettgallen.<\/p>\n<p>Durchmesser: 60 mm<br \/>\nH\u00f6he: ca. 10 mm<\/p>\n<p><span style=\"font-size: 8.5pt; font-family: 'Verdana','sans-serif'; color: black;\">Sojawachsscheiben werden in einen Designerkarton verpackt. (115x65x45mm)<\/span><\/p>\n<ul>\n<li>&#8212;&#8212;&#8212;&#8212;&#8212;&#8212;&#8212;&#8212;&#8212;&#8212;&#8212;&#8212;&#8212;&#8212;&#8212;&#8211;<\/li>\n<li>EUH208 Enth\u00e4lt \/ Geraniol Fine 98%, Linalool. Kann allergische Reaktionen hervorrufen.<\/li>\n<li>EUH210 Sicherheitsdatenblatt auf Anfrage erh\u00e4ltlich.<\/li>\n<li>Net ~ 130 gr<\/li>\n<li>Personen, die empfindlich auf Parf\u00fcm reagieren, sollten bei der Verwendung dieses Produkts vorsichtig sein.<br \/>\nLufterfrischer sind kein Ersatz f\u00fcr gute Hygienepraktiken.<\/li>\n<li>SIA GARTDA, Alejas street 73, Daugavpils, LV-5401, Latvia, t. +371 65420849, www.candle.lv<\/li>\n<\/ul>\n<p><\/p>","protected":false},"excerpt":{"rendered":"<p>100 % eco soy wax, wild flowers, essential oils, parfum. Handmade.<\/p>\n","protected":false},"featured_media":7769,"template":"","meta":{"_acf_changed":false},"product_brand":[],"product_cat":[115],"product_tag":[],"class_list":{"0":"post-7819","1":"product","2":"type-product","3":"status-publish","4":"has-post-thumbnail","6":"product_cat-natural-soy-wax-scented-rounds","8":"first","9":"instock","10":"taxable","11":"shipping-taxable","12":"purchasable","13":"product-type-simple"},"acf":[],"_links":{"self":[{"href":"https:\/\/candle.lv\/de\/wp-json\/wp\/v2\/product\/7819","targetHints":{"allow":["GET"]}}],"collection":[{"href":"https:\/\/candle.lv\/de\/wp-json\/wp\/v2\/product"}],"about":[{"href":"https:\/\/candle.lv\/de\/wp-json\/wp\/v2\/types\/product"}],"wp:featuredmedia":[{"embeddable":true,"href":"https:\/\/candle.lv\/de\/wp-json\/wp\/v2\/media\/7769"}],"wp:attachment":[{"href":"https:\/\/candle.lv\/de\/wp-json\/wp\/v2\/media?parent=7819"}],"wp:term":[{"taxonomy":"product_brand","embeddable":true,"href":"https:\/\/candle.lv\/de\/wp-json\/wp\/v2\/product_brand?post=7819"},{"taxonomy":"product_cat","embeddable":true,"href":"https:\/\/candle.lv\/de\/wp-json\/wp\/v2\/product_cat?post=7819"},{"taxonomy":"product_tag","embeddable":true,"href":"https:\/\/candle.lv\/de\/wp-json\/wp\/v2\/product_tag?post=7819"}],"curies":[{"name":"wp","href":"https:\/\/api.w.org\/{rel}","templated":true}]}}