{"id":7811,"date":"2022-02-28T14:34:43","date_gmt":"2022-02-28T14:34:43","guid":{"rendered":"http:\/\/candle.lv\/shop\/lace-palm-wax-lavender-pillar-candle-with-a-crystal-desigh-look-and-a-cotton-wick-without-aroma-o-50mm-h-165mm\/"},"modified":"2024-08-18T17:34:16","modified_gmt":"2024-08-18T17:34:16","slug":"lace-palm-wax-lavender-pillar-candle-with-a-crystal-desigh-look-and-a-cotton-wick-without-aroma-o-50mm-h-165mm","status":"publish","type":"product","link":"https:\/\/candle.lv\/de\/shop\/lace-palm-wax-lavender-pillar-candle-with-a-crystal-desigh-look-and-a-cotton-wick-without-aroma-o-50mm-h-165mm\/","title":{"rendered":"Spitzenpalmenwachs-Stumpenkerze in Kristalldesign-Optik mit Baumwolldocht ohne Aroma \u00d8 50mm h 165mm, Farbe Lavendel"},"content":{"rendered":"<p>Spitzenkerze<\/p>\n<p>Sie werden viele Stunden voller Staunen und Freude erleben, wenn Sie sehen, wie sich Ihre Kerze im Laufe der Zeit entwickelt und beim Brennen einzigartige Spitzenmuster entwickelt.<br \/>\nDie Kerze brennt bis zum Ende richtig ab und hinterl\u00e4sst Spitzenoberfl\u00e4chen. Das Spitzenmuster ist immer einzigartig.<br \/>\n100 % nat\u00fcrliches Palmwachs (RSPO-\u00d6ko-Zertifikat), Baumwolldocht, Kristalldesign-Optik.<br \/>\nPalmwachs ist eine nat\u00fcrliche und erneuerbare Ressource, die ohne Zerst\u00f6rung der Regenw\u00e4lder hergestellt wird. Der pflanzliche Rohstoff enth\u00e4lt kein Mineral\u00f6l oder andere Erd\u00f6lr\u00fcckst\u00e4nde und ist biologisch abbaubar.<br \/>\nHervorragende Brenneigenschaften und Farbstabilit\u00e4t.<br \/>\nDer gesamte Kerzenk\u00f6rper ist gef\u00e4rbt.<br \/>\nHandgefertigt.<br \/>\nHohes Sechseck<br \/>\nDurchmesser: 50 mm<br \/>\nH\u00f6he: 165 mm<br \/>\nGewicht: 250 g<\/p>\n<p>Kerze in Schrumpffolie verpackt.<\/p>\n<p>Hinweis: Beim Abbrennen von Kerzen immer die Sicherheitsvorschriften beachten!<\/p>","protected":false},"excerpt":{"rendered":"<p>Spitzenkerze Sie werden viele Stunden voller Staunen und Freude erleben, wenn Sie sehen, wie sich Ihre Kerze im Laufe der Zeit entwickelt und beim Brennen einzigartige Spitzenmuster entwickelt. Die Kerze brennt bis zum Ende richtig ab und hinterl\u00e4sst Spitzenoberfl\u00e4chen. Das Spitzenmuster ist immer einzigartig. 100 % nat\u00fcrliches Palmwachs (RSPO-\u00d6ko-Zertifikat), Baumwolldocht, Kristalldesign-Optik. Palmwachs ist eine nat\u00fcrliche [&hellip;]<\/p>\n","protected":false},"featured_media":8549,"template":"","meta":{"_acf_changed":false},"product_brand":[],"product_cat":[114],"product_tag":[57],"class_list":{"0":"post-7811","1":"product","2":"type-product","3":"status-publish","4":"has-post-thumbnail","6":"product_cat-palm-wax-candles","7":"product_tag-new","9":"first","10":"instock","11":"taxable","12":"shipping-taxable","13":"purchasable","14":"product-type-simple"},"acf":[],"_links":{"self":[{"href":"https:\/\/candle.lv\/de\/wp-json\/wp\/v2\/product\/7811","targetHints":{"allow":["GET"]}}],"collection":[{"href":"https:\/\/candle.lv\/de\/wp-json\/wp\/v2\/product"}],"about":[{"href":"https:\/\/candle.lv\/de\/wp-json\/wp\/v2\/types\/product"}],"wp:featuredmedia":[{"embeddable":true,"href":"https:\/\/candle.lv\/de\/wp-json\/wp\/v2\/media\/8549"}],"wp:attachment":[{"href":"https:\/\/candle.lv\/de\/wp-json\/wp\/v2\/media?parent=7811"}],"wp:term":[{"taxonomy":"product_brand","embeddable":true,"href":"https:\/\/candle.lv\/de\/wp-json\/wp\/v2\/product_brand?post=7811"},{"taxonomy":"product_cat","embeddable":true,"href":"https:\/\/candle.lv\/de\/wp-json\/wp\/v2\/product_cat?post=7811"},{"taxonomy":"product_tag","embeddable":true,"href":"https:\/\/candle.lv\/de\/wp-json\/wp\/v2\/product_tag?post=7811"}],"curies":[{"name":"wp","href":"https:\/\/api.w.org\/{rel}","templated":true}]}}