{"id":7800,"date":"2022-02-28T14:33:38","date_gmt":"2022-02-28T14:33:38","guid":{"rendered":"http:\/\/candle.lv\/shop\/exclusive-interior-soy-wax-candle-with-a-wooden-wick-100ml-3-38-oz-without-aroma\/"},"modified":"2025-01-16T14:31:54","modified_gmt":"2025-01-16T14:31:54","slug":"exclusive-interior-soy-wax-candle-with-a-wooden-wick-100ml-3-38-oz-without-aroma","status":"publish","type":"product","link":"https:\/\/candle.lv\/de\/shop\/exclusive-interior-soy-wax-candle-with-a-wooden-wick-100ml-3-38-oz-without-aroma\/","title":{"rendered":"Designer Sojawachskerzen, 100 ml\/3.38 oz- Ohne Duft"},"content":{"rendered":"<p>Sojawachskerze ist eine handgemachte Kerze, hergestellt aus 100% nat\u00fcrlichem Sojawachs.<\/p>\n<ul>\n<li>Die Sojawachskerze befindet sich in einer Dose mit einem \u201eRetro\u201c-Etikett<\/li>\n<li>F\u00fcr die Kerze wird keinen Leuchter ben\u00f6tigt.<\/li>\n<li>Bei der Herstellung wird einen Docht auch dem echten Holz verwendet. Beim Abbrennen wird ein zartes Knistern eines Kaminfeuers erzeugt.<\/li>\n<\/ul>\n<p>Durchmesser: 75 mm<br \/>\nH\u00f6he: 35 mm<\/p>\n<p>Bitte beachten: Beim ersten Abbrennen bitte solange brennen lassen, bis die gesamte Oberfl\u00e4che fl\u00fcssig ist. Dadurch wird vermieden, dass sich Tunnel bilden. Brennende Kerzen bitte nie unbeaufsichtigt lassen und au\u00dfer Reichweite von Kindern oder Haustiere. Die Kerze nicht auf oder in der N\u00e4he von leicht entflammbaren Gegenst\u00e4nden brennen lassen.<\/p>\n<ul>\n<li>&#8212;&#8212;&#8212;&#8212;&#8212;&#8212;&#8212;&#8212;&#8212;&#8212;&#8212;&#8212;&#8212;&#8212;&#8212;&#8211;<\/li>\n<li>No known significant effects or critical hazards<\/li>\n<li>EUH210 Safety data sheet available on request.<\/li>\n<li><img loading=\"lazy\" decoding=\"async\" width=\"300\" height=\"83\" class=\"alignnone size-medium wp-image-8930\" src=\"https:\/\/candle.lv\/wp-content\/uploads\/2024\/12\/Pictograms-300x83.jpg\" alt=\"Pictograms\" \/>\u00a0 \u00a0 \u00a0 Net ~ 80 gr<\/li>\n<li>SIA GARTDA, Alejas street 73, Daugavpils, LV-5401, Latvia, t. +371 65420849, www.candle.lv<\/li>\n<\/ul>\n<p><\/p>","protected":false},"excerpt":{"rendered":"<p>100 % eco soy wax, wooden wick, essential oils, parfum. Handmade.<\/p>\n","protected":false},"featured_media":8473,"template":"","meta":{"_acf_changed":false},"product_brand":[],"product_cat":[113],"product_tag":[],"class_list":{"0":"post-7800","1":"product","2":"type-product","3":"status-publish","4":"has-post-thumbnail","6":"product_cat-soy-wax-candles","8":"first","9":"instock","10":"taxable","11":"shipping-taxable","12":"purchasable","13":"product-type-simple"},"acf":[],"_links":{"self":[{"href":"https:\/\/candle.lv\/de\/wp-json\/wp\/v2\/product\/7800","targetHints":{"allow":["GET"]}}],"collection":[{"href":"https:\/\/candle.lv\/de\/wp-json\/wp\/v2\/product"}],"about":[{"href":"https:\/\/candle.lv\/de\/wp-json\/wp\/v2\/types\/product"}],"wp:featuredmedia":[{"embeddable":true,"href":"https:\/\/candle.lv\/de\/wp-json\/wp\/v2\/media\/8473"}],"wp:attachment":[{"href":"https:\/\/candle.lv\/de\/wp-json\/wp\/v2\/media?parent=7800"}],"wp:term":[{"taxonomy":"product_brand","embeddable":true,"href":"https:\/\/candle.lv\/de\/wp-json\/wp\/v2\/product_brand?post=7800"},{"taxonomy":"product_cat","embeddable":true,"href":"https:\/\/candle.lv\/de\/wp-json\/wp\/v2\/product_cat?post=7800"},{"taxonomy":"product_tag","embeddable":true,"href":"https:\/\/candle.lv\/de\/wp-json\/wp\/v2\/product_tag?post=7800"}],"curies":[{"name":"wp","href":"https:\/\/api.w.org\/{rel}","templated":true}]}}