{"id":7793,"date":"2022-02-28T14:32:38","date_gmt":"2022-02-28T14:32:38","guid":{"rendered":"http:\/\/candle.lv\/shop\/exclusive-interior-soy-wax-rustic-clay-pot-candle-50-ml-1-69-oz-vanilla\/"},"modified":"2025-01-16T11:35:52","modified_gmt":"2025-01-16T11:35:52","slug":"exclusive-interior-soy-wax-rustic-clay-pot-candle-50-ml-1-69-oz-vanilla","status":"publish","type":"product","link":"https:\/\/candle.lv\/de\/shop\/exclusive-interior-soy-wax-rustic-clay-pot-candle-50-ml-1-69-oz-vanilla\/","title":{"rendered":"Exklusive Sojawachskerze in einem handgemachten Tontopf 50 ml\/1.69 oz &#8211; Duftkerze Vanille"},"content":{"rendered":"<p>Sojawachskerze aus einem 100% nat\u00fcrliche Sojawachs in einem handgemachten Tontopf ist ein exklusives, ungew\u00f6hnliches und einzigartiges Geschenk f\u00fcr Ihre Lieben und Freunde.<\/p>\n<p>Der kleine handgemachte Topf aus der dunklen Keramik sieht wundersch\u00f6n und geheimnisvoll aus. Jeder Tontopf ist einzigartig und wird ausschlie\u00dflich h\u00e4ndisch vom T\u00f6pfer gemacht ohne den Einsatz der Werkzeuge. Die geformten T\u00f6pfe werden auch h\u00e4ndisch mit Steine und Wolle poliert, was ihnen einen verwunderlichen Glanz verlieht. Danach werden die T\u00f6pfe in einem Ofen bei der Temperatur von ca. 1000 \u00b0C 15 Stunden lang gebrannt. Anschlie\u00dfend werden die Tont\u00f6pfe mit einem Bienenwachs<\/p>\n<p>F\u00fcr die Sojawachskerzen in dem Tontopf wird keinen Leuchter ben\u00f6tigt.<\/p>\n<p>Bei der Herstellung wird einen Docht aus einer unbehandelten, reinen Baumwolle verwendet.<\/p>\n<ul>\n<li>Durchmesser: 60 mm<\/li>\n<li>H\u00f6he: 60 mm<\/li>\n<li>Designerkarton: 75 x 75 x 75mm<\/li>\n<\/ul>\n<p><strong>Bitte beachten:<\/strong>\u00a0Beim ersten Abbrennen bitte solange brennen lassen, bis die gesamte Oberfl\u00e4che fl\u00fcssig ist.<\/p>\n<p>Dadurch wird vermieden, dass sich Tunnel bilden. Brennende Kerzen bitte nie unbeaufsichtigt lassen und au\u00dfer Reichweite von Kindern oder Haustiere. Lassen Sie die Kerze nicht l\u00e4nger als 3 Stunden am St\u00fcck brennen. Die Kerze nicht auf oder in der N\u00e4he von leicht entflammbaren Gegenst\u00e4nden brennen lassen.<\/p>\n<ul>\n<li>&#8212;&#8212;&#8212;&#8212;&#8212;&#8212;&#8212;&#8212;&#8212;&#8212;&#8212;&#8212;&#8212;&#8212;&#8212;&#8211;<\/li>\n<li>EUH208 Enth\u00e4lt \/ Benzyl Alcohol. Kann allergische Reaktionen hervorrufen.<\/li>\n<li>EUH210 Sicherheitsdatenblatt auf Anfrage erh\u00e4ltlich.<\/li>\n<li><img loading=\"lazy\" decoding=\"async\" width=\"300\" height=\"83\" class=\"alignnone size-medium wp-image-8930\" src=\"https:\/\/candle.lv\/wp-content\/uploads\/2024\/12\/Pictograms-300x83.jpg\" alt=\"Pictograms\" \/>\u00a0 \u00a0 \u00a0 Net ~ 50 gr<\/li>\n<li>Personen, die empfindlich auf Parf\u00fcm reagieren, sollten bei der Verwendung dieses Produkts vorsichtig sein.<br \/>\nLufterfrischer sind kein Ersatz f\u00fcr gute Hygienepraktiken.<\/li>\n<li>SIA GARTDA, Alejas street 73, Daugavpils, LV-5401, Latvia, t. +371 65420849, www.candle.lv<\/li>\n<\/ul>\n<p><\/p>","protected":false},"excerpt":{"rendered":"<p>100 % eco soy wax, cotton wick, essential oils, parfum. Handmade.<br \/>\nHandmade ceramic pot.<\/p>\n","protected":false},"featured_media":7593,"template":"","meta":{"_acf_changed":false},"product_brand":[],"product_cat":[113],"product_tag":[],"class_list":{"0":"post-7793","1":"product","2":"type-product","3":"status-publish","4":"has-post-thumbnail","6":"product_cat-soy-wax-candles","8":"first","9":"instock","10":"taxable","11":"shipping-taxable","12":"purchasable","13":"product-type-simple"},"acf":[],"_links":{"self":[{"href":"https:\/\/candle.lv\/de\/wp-json\/wp\/v2\/product\/7793","targetHints":{"allow":["GET"]}}],"collection":[{"href":"https:\/\/candle.lv\/de\/wp-json\/wp\/v2\/product"}],"about":[{"href":"https:\/\/candle.lv\/de\/wp-json\/wp\/v2\/types\/product"}],"wp:featuredmedia":[{"embeddable":true,"href":"https:\/\/candle.lv\/de\/wp-json\/wp\/v2\/media\/7593"}],"wp:attachment":[{"href":"https:\/\/candle.lv\/de\/wp-json\/wp\/v2\/media?parent=7793"}],"wp:term":[{"taxonomy":"product_brand","embeddable":true,"href":"https:\/\/candle.lv\/de\/wp-json\/wp\/v2\/product_brand?post=7793"},{"taxonomy":"product_cat","embeddable":true,"href":"https:\/\/candle.lv\/de\/wp-json\/wp\/v2\/product_cat?post=7793"},{"taxonomy":"product_tag","embeddable":true,"href":"https:\/\/candle.lv\/de\/wp-json\/wp\/v2\/product_tag?post=7793"}],"curies":[{"name":"wp","href":"https:\/\/api.w.org\/{rel}","templated":true}]}}