{"id":7787,"date":"2022-02-28T14:32:06","date_gmt":"2022-02-28T14:32:06","guid":{"rendered":"http:\/\/candle.lv\/shop\/exclusive-interior-enameled-pot-soy-wax-candle-with-a-cotton-wick-400ml-13-53-oz-lavender\/"},"modified":"2025-01-16T11:50:44","modified_gmt":"2025-01-16T11:50:44","slug":"exclusive-interior-enameled-pot-soy-wax-candle-with-a-cotton-wick-400ml-13-53-oz-lavender","status":"publish","type":"product","link":"https:\/\/candle.lv\/de\/shop\/exclusive-interior-enameled-pot-soy-wax-candle-with-a-cotton-wick-400ml-13-53-oz-lavender\/","title":{"rendered":"Exklusive Sojawachs Kerze in einem emaillierten Topf mit einem Baumwolldocht 400ml &#8211; Duftkerze Lavendel"},"content":{"rendered":"<p><em>Serie Dr. Candle.lv<\/em><\/p>\n<p>Handgemachte Sojawachs Kerze aus 100% nat\u00fcrlichem Sojawachs ist ein exklusives und ungew\u00f6hnliches Geschenk f\u00fcr Ihre Freunde und Verwandten.<\/p>\n<p>Eine der neuesten Mode-Tendenzen ist die Verwendung von verschiedenen Gegenst\u00e4nden und Accessoires im pharmazeutischen Stil.<\/p>\n<p>Kerzen befinden sich im emaillierten Beh\u00e4lter, was emaillierte Topf er anderem ein gro\u00dfer Sicherheitsvorteil ist.<\/p>\n<p>Und das Wichtigste \u2013 nachdem Sie die Kerze verwendet haben, kann der emaillierte Beh\u00e4lter f\u00fcr andere pers\u00f6nliche Zwecke verwendet werden.<\/p>\n<p>&nbsp;<\/p>\n<p>Die Kerze verf\u00fcgt \u00fcber einen nat\u00fcrlichen Baumwolldocht.<\/p>\n<p>&nbsp;<\/p>\n<p>Exklusive Sojawachskerze 400:<\/p>\n<p>Beh\u00e4lterdurchmesser: 90 mm<\/p>\n<p>Beh\u00e4lterh\u00f6he: 80mm<\/p>\n<p>Volumen: 400ml<\/p>\n<ul>\n<li>&#8212;&#8212;&#8212;&#8212;&#8212;&#8212;&#8212;&#8212;&#8212;&#8212;&#8212;&#8212;&#8212;&#8212;&#8212;&#8211;<\/li>\n<li>EUH208 Enth\u00e4lt \/ Linalyl Acetate, Linalool. Kann allergische Reaktionen hervorrufen.<\/li>\n<li>EUH210 Sicherheitsdatenblatt auf Anfrage erh\u00e4ltlich.<\/li>\n<li><img loading=\"lazy\" decoding=\"async\" width=\"300\" height=\"83\" class=\"alignnone size-medium wp-image-8930\" src=\"https:\/\/candle.lv\/wp-content\/uploads\/2024\/12\/Pictograms-300x83.jpg\" alt=\"Pictograms\" \/>\u00a0 \u00a0 \u00a0 Net ~ 285 gr<\/li>\n<li>Personen, die empfindlich auf Parf\u00fcm reagieren, sollten bei der Verwendung dieses Produkts vorsichtig sein.<br \/>\nLufterfrischer sind kein Ersatz f\u00fcr gute Hygienepraktiken.<\/li>\n<li>SIA GARTDA, Alejas street 73, Daugavpils, LV-5401, Latvia, t. +371 65420849, www.candle.lv<\/li>\n<\/ul>\n<p><\/p>","protected":false},"excerpt":{"rendered":"<p>Series Dr. Candle.lv<\/p>\n","protected":false},"featured_media":8462,"template":"","meta":{"_acf_changed":false},"product_brand":[],"product_cat":[113],"product_tag":[122],"class_list":{"0":"post-7787","1":"product","2":"type-product","3":"status-publish","4":"has-post-thumbnail","6":"product_cat-soy-wax-candles","7":"product_tag-dr","9":"first","10":"instock","11":"taxable","12":"shipping-taxable","13":"purchasable","14":"product-type-simple"},"acf":[],"_links":{"self":[{"href":"https:\/\/candle.lv\/de\/wp-json\/wp\/v2\/product\/7787","targetHints":{"allow":["GET"]}}],"collection":[{"href":"https:\/\/candle.lv\/de\/wp-json\/wp\/v2\/product"}],"about":[{"href":"https:\/\/candle.lv\/de\/wp-json\/wp\/v2\/types\/product"}],"wp:featuredmedia":[{"embeddable":true,"href":"https:\/\/candle.lv\/de\/wp-json\/wp\/v2\/media\/8462"}],"wp:attachment":[{"href":"https:\/\/candle.lv\/de\/wp-json\/wp\/v2\/media?parent=7787"}],"wp:term":[{"taxonomy":"product_brand","embeddable":true,"href":"https:\/\/candle.lv\/de\/wp-json\/wp\/v2\/product_brand?post=7787"},{"taxonomy":"product_cat","embeddable":true,"href":"https:\/\/candle.lv\/de\/wp-json\/wp\/v2\/product_cat?post=7787"},{"taxonomy":"product_tag","embeddable":true,"href":"https:\/\/candle.lv\/de\/wp-json\/wp\/v2\/product_tag?post=7787"}],"curies":[{"name":"wp","href":"https:\/\/api.w.org\/{rel}","templated":true}]}}