{"id":7784,"date":"2022-02-28T14:34:06","date_gmt":"2022-02-28T14:34:06","guid":{"rendered":"http:\/\/candle.lv\/shop\/exclusive-interior-soy-wax-candle-250-ml-8-45-oz-vanilla\/"},"modified":"2024-12-09T14:13:51","modified_gmt":"2024-12-09T14:13:51","slug":"exclusive-interior-soy-wax-candle-250-ml-8-45-oz-vanilla","status":"publish","type":"product","link":"https:\/\/candle.lv\/de\/shop\/exclusive-interior-soy-wax-candle-250-ml-8-45-oz-vanilla\/","title":{"rendered":"Designer Sojawachskerzen 250 ml\/8.45 oz- Duftkerze Vanille"},"content":{"rendered":"<p>Sojawachskerze ist eine handgemachte Kerze, hergestellt aus 100% nat\u00fcrlichem Sojawachs.<\/p>\n<ul>\n<li>Die Sojawachskerze befindet sich in einer Dose mit einem \u201eRetro\u201c-Etikett<\/li>\n<li>F\u00fcr die Kerze wird keinen Leuchter ben\u00f6tigt.<\/li>\n<li>Bei der Herstellung wird einen Docht auch dem echten Holz verwendet. Beim Abbrennen wird ein zartes Knistern eines Kaminfeuers erzeugt.<\/li>\n<\/ul>\n<p>Durchmesser: 75 mm<br \/>\nH\u00f6he: 75 mm<\/p>\n<p>Bitte beachten: Beim ersten Abbrennen bitte solange brennen lassen, bis die gesamte Oberfl\u00e4che fl\u00fcssig ist. Dadurch wird vermieden, dass sich Tunnel bilden. Brennende Kerzen bitte nie unbeaufsichtigt lassen und au\u00dfer Reichweite von Kindern oder Haustiere. Die Kerze nicht auf oder in der N\u00e4he von leicht entflammbaren Gegenst\u00e4nden brennen lassen.<\/p>\n<ul>\n<li>&#8212;&#8212;&#8212;&#8212;&#8212;&#8212;&#8212;&#8212;&#8212;&#8212;&#8212;&#8212;&#8212;&#8212;&#8212;&#8211;<\/li>\n<li>EUH208 Enth\u00e4lt \/ Benzyl Alcohol. Kann allergische Reaktionen hervorrufen.<\/li>\n<li>EUH210 Sicherheitsdatenblatt auf Anfrage erh\u00e4ltlich.<\/li>\n<li><img loading=\"lazy\" decoding=\"async\" width=\"300\" height=\"83\" class=\"alignnone size-medium wp-image-8930\" src=\"https:\/\/candle.lv\/wp-content\/uploads\/2024\/12\/Pictograms-300x83.jpg\" alt=\"Pictograms\" \/>\u00a0 \u00a0 \u00a0 Net ~ 195 gr<\/li>\n<li>Personen, die empfindlich auf Parf\u00fcm reagieren, sollten bei der Verwendung dieses Produkts vorsichtig sein.<br \/>\nLufterfrischer sind kein Ersatz f\u00fcr gute Hygienepraktiken.<\/li>\n<li>SIA GARTDA, Alejas street 73, Daugavpils, LV-5401, Latvia, t. +371 65420849, www.candle.lv<\/li>\n<\/ul>\n<p><\/p>","protected":false},"excerpt":{"rendered":"<p>100 % eco soy wax, wooden wick, essential oils, parfum. Handmade.<\/p>\n","protected":false},"featured_media":7566,"template":"","meta":{"_acf_changed":false},"product_brand":[],"product_cat":[113],"product_tag":[],"class_list":{"0":"post-7784","1":"product","2":"type-product","3":"status-publish","4":"has-post-thumbnail","6":"product_cat-soy-wax-candles","8":"first","9":"instock","10":"taxable","11":"shipping-taxable","12":"purchasable","13":"product-type-simple"},"acf":[],"_links":{"self":[{"href":"https:\/\/candle.lv\/de\/wp-json\/wp\/v2\/product\/7784","targetHints":{"allow":["GET"]}}],"collection":[{"href":"https:\/\/candle.lv\/de\/wp-json\/wp\/v2\/product"}],"about":[{"href":"https:\/\/candle.lv\/de\/wp-json\/wp\/v2\/types\/product"}],"wp:featuredmedia":[{"embeddable":true,"href":"https:\/\/candle.lv\/de\/wp-json\/wp\/v2\/media\/7566"}],"wp:attachment":[{"href":"https:\/\/candle.lv\/de\/wp-json\/wp\/v2\/media?parent=7784"}],"wp:term":[{"taxonomy":"product_brand","embeddable":true,"href":"https:\/\/candle.lv\/de\/wp-json\/wp\/v2\/product_brand?post=7784"},{"taxonomy":"product_cat","embeddable":true,"href":"https:\/\/candle.lv\/de\/wp-json\/wp\/v2\/product_cat?post=7784"},{"taxonomy":"product_tag","embeddable":true,"href":"https:\/\/candle.lv\/de\/wp-json\/wp\/v2\/product_tag?post=7784"}],"curies":[{"name":"wp","href":"https:\/\/api.w.org\/{rel}","templated":true}]}}