{"id":7770,"date":"2022-02-28T14:29:06","date_gmt":"2022-02-28T14:29:06","guid":{"rendered":"http:\/\/candle.lv\/shop\/exclusive-interior-amber-glass-soy-wax-candle-with-a-cotton-wick-120ml-4-06-oz-cinnamon-orange\/"},"modified":"2025-01-23T11:13:45","modified_gmt":"2025-01-23T11:13:45","slug":"exclusive-interior-amber-glass-soy-wax-candle-with-a-cotton-wick-120ml-4-06-oz-cinnamon-orange","status":"publish","type":"product","link":"https:\/\/candle.lv\/de\/shop\/exclusive-interior-amber-glass-soy-wax-candle-with-a-cotton-wick-120ml-4-06-oz-cinnamon-orange\/","title":{"rendered":"Exklusive Bernstein-Glas Sojawachs Kerze mit einem Baumwolldocht 120ml &#8211; Duftkerze Zimt und Orange"},"content":{"rendered":"<p><em>Serie Dr. Candle.lv<\/em><\/p>\n<p>Handgemachte Sojawachs Kerze aus 100% nat\u00fcrlichem Sojawachs ist ein exklusives und ungew\u00f6hnliches Geschenk f\u00fcr Ihre Freunde und Verwandten.<\/p>\n<p>Eine der neuesten Mode-Tendenzen ist die Verwendung von verschiedenen Gegenst\u00e4nden und Accessoires im pharmazeutischen Stil.<\/p>\n<p>Kerzen befinden sich im Bernsteinglasbeh\u00e4lter, was unter anderem ein gro\u00dfer Sicherheitsvorteil ist. Im Gegensatz zu anderen Kerzen brauchen sie keinen Kerzenst\u00e4nder, der nach dem Verbrennen der Kerze gereinigt werden muss.<\/p>\n<p>Und das Wichtigste \u2013 nachdem Sie die Kerze verwendet haben, kann der Bernsteinglasbeh\u00e4lter f\u00fcr andere pers\u00f6nliche Zwecke verwendet werden.<\/p>\n<p>&nbsp;<\/p>\n<p>Die Kerze verf\u00fcgt \u00fcber einen nat\u00fcrlichen Baumwolldocht.<\/p>\n<p>&nbsp;<\/p>\n<p>Exklusive Sojawachskerze 120:<\/p>\n<p>Beh\u00e4lterdurchmesser: 60 mm<\/p>\n<p>Beh\u00e4lterh\u00f6he: 65mm<\/p>\n<p>Volumen: 120ml<\/p>\n<ul>\n<li>&#8212;&#8212;&#8212;&#8212;&#8212;&#8212;&#8212;&#8212;&#8212;&#8212;&#8212;&#8212;&#8212;&#8212;&#8212;&#8211;<\/li>\n<li>EUH208 Enth\u00e4lt \/ Limonene, Cinnamaldehyde, Benzyl Salicylate, Linalool. Kann allergische Reaktionen hervorrufen.<\/li>\n<li>EUH210 Sicherheitsdatenblatt auf Anfrage erh\u00e4ltlich.<\/li>\n<li><img loading=\"lazy\" decoding=\"async\" width=\"300\" height=\"83\" class=\"alignnone size-medium wp-image-8930\" src=\"https:\/\/candle.lv\/wp-content\/uploads\/2024\/12\/Pictograms-300x83.jpg\" alt=\"Pictograms\" \/>\u00a0 \u00a0 \u00a0 Net ~ 90 gr<\/li>\n<li>Personen, die empfindlich auf Parf\u00fcm reagieren, sollten bei der Verwendung dieses Produkts vorsichtig sein.<br \/>\nLufterfrischer sind kein Ersatz f\u00fcr gute Hygienepraktiken.<\/li>\n<li>SIA GARTDA, Alejas street 73, Daugavpils, LV-5401, Latvia, t. +371 65420849, www.candle.lv<\/li>\n<\/ul>\n<p><\/p>","protected":false},"excerpt":{"rendered":"<p>Series Dr. Candle.lv<\/p>\n","protected":false},"featured_media":7750,"template":"","meta":{"_acf_changed":false},"product_brand":[],"product_cat":[113],"product_tag":[122],"class_list":{"0":"post-7770","1":"product","2":"type-product","3":"status-publish","4":"has-post-thumbnail","6":"product_cat-soy-wax-candles","7":"product_tag-dr","9":"first","10":"instock","11":"taxable","12":"shipping-taxable","13":"purchasable","14":"product-type-simple"},"acf":[],"_links":{"self":[{"href":"https:\/\/candle.lv\/de\/wp-json\/wp\/v2\/product\/7770","targetHints":{"allow":["GET"]}}],"collection":[{"href":"https:\/\/candle.lv\/de\/wp-json\/wp\/v2\/product"}],"about":[{"href":"https:\/\/candle.lv\/de\/wp-json\/wp\/v2\/types\/product"}],"wp:featuredmedia":[{"embeddable":true,"href":"https:\/\/candle.lv\/de\/wp-json\/wp\/v2\/media\/7750"}],"wp:attachment":[{"href":"https:\/\/candle.lv\/de\/wp-json\/wp\/v2\/media?parent=7770"}],"wp:term":[{"taxonomy":"product_brand","embeddable":true,"href":"https:\/\/candle.lv\/de\/wp-json\/wp\/v2\/product_brand?post=7770"},{"taxonomy":"product_cat","embeddable":true,"href":"https:\/\/candle.lv\/de\/wp-json\/wp\/v2\/product_cat?post=7770"},{"taxonomy":"product_tag","embeddable":true,"href":"https:\/\/candle.lv\/de\/wp-json\/wp\/v2\/product_tag?post=7770"}],"curies":[{"name":"wp","href":"https:\/\/api.w.org\/{rel}","templated":true}]}}